{"id":695,"date":"2025-03-13T20:57:17","date_gmt":"2025-03-13T18:57:17","guid":{"rendered":"https:\/\/elamankruunu.fi\/?page_id=695"},"modified":"2025-10-07T21:26:27","modified_gmt":"2025-10-07T18:26:27","slug":"energiahoito","status":"publish","type":"page","link":"https:\/\/elamankruunu.fi\/index.php\/energiahoito\/","title":{"rendered":"Energiahoito"},"content":{"rendered":"\t\t<div data-elementor-type=\"wp-page\" data-elementor-id=\"695\" class=\"elementor elementor-695\">\n\t\t\t\t<div class=\"elementor-element elementor-element-86d5c47 e-grid e-con-full e-con e-parent\" data-id=\"86d5c47\" data-element_type=\"container\">\n\t\t\t\t<div class=\"elementor-element elementor-element-e3b4beb elementor-hidden-desktop elementor-hidden-tablet elementor-widget elementor-widget-image\" data-id=\"e3b4beb\" data-element_type=\"widget\" data-widget_type=\"image.default\">\n\t\t\t\t<div class=\"elementor-widget-container\">\n\t\t\t\t\t\t\t\t\t\t\t\t\t\t\t\t<a href=\"https:\/\/elamankruunu.fi\/\">\n\t\t\t\t\t\t\t<img fetchpriority=\"high\" decoding=\"async\" width=\"1024\" height=\"439\" src=\"https:\/\/elamankruunu.fi\/wp-content\/uploads\/2025\/04\/Oveen1-e1744191492709-1024x439.png\" class=\"attachment-large size-large wp-image-1093\" alt=\"\" srcset=\"https:\/\/elamankruunu.fi\/wp-content\/uploads\/2025\/04\/Oveen1-e1744191492709-1024x439.png 1024w, https:\/\/elamankruunu.fi\/wp-content\/uploads\/2025\/04\/Oveen1-e1744191492709-300x129.png 300w, https:\/\/elamankruunu.fi\/wp-content\/uploads\/2025\/04\/Oveen1-e1744191492709-768x329.png 768w, https:\/\/elamankruunu.fi\/wp-content\/uploads\/2025\/04\/Oveen1-e1744191492709-1536x658.png 1536w, https:\/\/elamankruunu.fi\/wp-content\/uploads\/2025\/04\/Oveen1-e1744191492709.png 2000w\" sizes=\"(max-width: 1024px) 100vw, 1024px\" \/>\t\t\t\t\t\t\t\t<\/a>\n\t\t\t\t\t\t\t\t\t\t\t\t\t\t\t<\/div>\n\t\t\t\t<\/div>\n\t\t\t\t<div class=\"elementor-element elementor-element-6fe8188 e-transform elementor-widget__width-inherit e-transform elementor-hidden-mobile elementor-widget elementor-widget-image\" data-id=\"6fe8188\" data-element_type=\"widget\" data-settings=\"{&quot;_transform_scale_effect&quot;:{&quot;unit&quot;:&quot;px&quot;,&quot;size&quot;:1.1,&quot;sizes&quot;:[]},&quot;_transform_translateY_effect&quot;:{&quot;unit&quot;:&quot;px&quot;,&quot;size&quot;:6,&quot;sizes&quot;:[]},&quot;_transform_translateY_effect_tablet&quot;:{&quot;unit&quot;:&quot;px&quot;,&quot;size&quot;:1,&quot;sizes&quot;:[]},&quot;_transform_translateY_effect_mobile&quot;:{&quot;unit&quot;:&quot;px&quot;,&quot;size&quot;:35,&quot;sizes&quot;:[]},&quot;_transform_scale_effect_mobile&quot;:{&quot;unit&quot;:&quot;px&quot;,&quot;size&quot;:2.5,&quot;sizes&quot;:[]},&quot;_transform_translateX_effect&quot;:{&quot;unit&quot;:&quot;px&quot;,&quot;size&quot;:&quot;&quot;,&quot;sizes&quot;:[]},&quot;_transform_translateX_effect_tablet&quot;:{&quot;unit&quot;:&quot;px&quot;,&quot;size&quot;:&quot;&quot;,&quot;sizes&quot;:[]},&quot;_transform_translateX_effect_mobile&quot;:{&quot;unit&quot;:&quot;px&quot;,&quot;size&quot;:&quot;&quot;,&quot;sizes&quot;:[]},&quot;_transform_scale_effect_tablet&quot;:{&quot;unit&quot;:&quot;px&quot;,&quot;size&quot;:&quot;&quot;,&quot;sizes&quot;:[]}}\" data-widget_type=\"image.default\">\n\t\t\t\t<div class=\"elementor-widget-container\">\n\t\t\t\t\t\t\t\t\t\t\t\t\t\t\t\t<a href=\"http:\/\/elamankruunu.fi\">\n\t\t\t\t\t\t\t<img decoding=\"async\" width=\"7937\" height=\"945\" src=\"https:\/\/elamankruunu.fi\/wp-content\/uploads\/2025\/03\/Nimeton-2100-x-250-mm1.png\" class=\"attachment-full size-full wp-image-793\" alt=\"\" srcset=\"https:\/\/elamankruunu.fi\/wp-content\/uploads\/2025\/03\/Nimeton-2100-x-250-mm1.png 7937w, https:\/\/elamankruunu.fi\/wp-content\/uploads\/2025\/03\/Nimeton-2100-x-250-mm1-300x36.png 300w, https:\/\/elamankruunu.fi\/wp-content\/uploads\/2025\/03\/Nimeton-2100-x-250-mm1-1024x122.png 1024w, https:\/\/elamankruunu.fi\/wp-content\/uploads\/2025\/03\/Nimeton-2100-x-250-mm1-768x91.png 768w, https:\/\/elamankruunu.fi\/wp-content\/uploads\/2025\/03\/Nimeton-2100-x-250-mm1-1536x183.png 1536w, https:\/\/elamankruunu.fi\/wp-content\/uploads\/2025\/03\/Nimeton-2100-x-250-mm1-2048x244.png 2048w\" sizes=\"(max-width: 7937px) 100vw, 7937px\" \/>\t\t\t\t\t\t\t\t<\/a>\n\t\t\t\t\t\t\t\t\t\t\t\t\t\t\t<\/div>\n\t\t\t\t<\/div>\n\t\t\t\t<\/div>\n\t\t<div class=\"elementor-element elementor-element-5345015 e-flex e-con-boxed e-con e-parent\" data-id=\"5345015\" data-element_type=\"container\">\n\t\t\t\t\t<div class=\"e-con-inner\">\n\t\t\t\t<div class=\"elementor-element elementor-element-9a4afee elementor-hidden-mobile elementor-widget elementor-widget-spacer\" data-id=\"9a4afee\" data-element_type=\"widget\" data-widget_type=\"spacer.default\">\n\t\t\t\t<div class=\"elementor-widget-container\">\n\t\t\t\t\t\t\t<div class=\"elementor-spacer\">\n\t\t\t<div class=\"elementor-spacer-inner\"><\/div>\n\t\t<\/div>\n\t\t\t\t\t\t<\/div>\n\t\t\t\t<\/div>\n\t\t\t\t\t<\/div>\n\t\t\t\t<\/div>\n\t\t<div class=\"elementor-element elementor-element-2f4369f e-flex e-con-boxed e-con e-parent\" data-id=\"2f4369f\" data-element_type=\"container\">\n\t\t\t\t\t<div class=\"e-con-inner\">\n\t\t<div class=\"elementor-element elementor-element-ba177ed e-con-full e-flex e-con e-child\" data-id=\"ba177ed\" data-element_type=\"container\">\n\t\t\t\t<div class=\"elementor-element elementor-element-b692f32 elementor-widget elementor-widget-heading\" data-id=\"b692f32\" data-element_type=\"widget\" data-widget_type=\"heading.default\">\n\t\t\t\t<div class=\"elementor-widget-container\">\n\t\t\t\t\t<h1 class=\"elementor-heading-title elementor-size-default\">Energiahoito<\/h1>\t\t\t\t<\/div>\n\t\t\t\t<\/div>\n\t\t\t\t<div class=\"elementor-element elementor-element-6d38d37 elementor-widget elementor-widget-text-editor\" data-id=\"6d38d37\" data-element_type=\"widget\" data-widget_type=\"text-editor.default\">\n\t\t\t\t<div class=\"elementor-widget-container\">\n\t\t\t\t\t\t\t\t\t<h5><strong>Body Mind -energeettinen j\u00e4senkorjaus ja energiahoito<\/strong><\/h5>\t\t\t\t\t\t\t\t<\/div>\n\t\t\t\t<\/div>\n\t\t\t\t<div class=\"elementor-element elementor-element-780fe1e elementor-widget elementor-widget-text-editor\" data-id=\"780fe1e\" data-element_type=\"widget\" data-widget_type=\"text-editor.default\">\n\t\t\t\t<div class=\"elementor-widget-container\">\n\t\t\t\t\t\t\t\t\t<p>Energiahoito auttaa saavuttamaan kokonaisvaltaista hyvinvointia ja tasapainoa.\u00a0 Sen avulla voit saada apua monenlaisiin kiputiloihin, kehon sek\u00e4 mielen haasteisiin, jopa sellaisiin, joihin on ollut muualta vaikea l\u00f6yt\u00e4\u00e4 apua.<\/p><p>Energiahoidosta voi saada apua:\u00a0<\/p><ul><li aria-level=\"1\">Fyysiset kivut ja krooniset sairaustilat<\/li><li aria-level=\"1\">H\u00e4iritsev\u00e4t negatiiviset ajatukset tai uskomukset<\/li><li aria-level=\"1\">Traumaattiset tapahtumat\u00a0 tai tilanteet, jotka ovat j\u00e4\u00e4neet vaivaamaan mielt\u00e4, eik\u00e4 niist\u00e4 tunnu mill\u00e4\u00e4n p\u00e4\u00e4sev\u00e4n eteenp\u00e4in<\/li><li aria-level=\"1\">Riippuvuudet<\/li><li aria-level=\"1\">Allergiat<\/li><\/ul><p>Energiahoito perustuu kehossa olevien energiavirtojen tasapainottamiseen ja puhdistamiseen. Ihmisten lis\u00e4ksi energiahoito sopii my\u00f6s hoitomuodoksi el\u00e4imille.<\/p><p>Hoidossa k\u00e4yd\u00e4\u00e4n koko keho l\u00e4pi ja tarkastellaan, l\u00f6ytyyk\u00f6 mahdollisia ep\u00e4tasapainotekij\u00f6it\u00e4, jotka voivat ilmet\u00e4\u00a0 ep\u00e4symmetriana kehossa (esimerkiksi erimittaiset jalat tai hartiat eri korkeudella). Energiahoidolla voidaan rentouttaa kehon syvi\u00e4 lihaksia, jolloin usein kehon asento korjaantuu. Kehon virheasentojen sek\u00e4 kiputilojen taustalla voi olla jokin ik\u00e4v\u00e4 kokemus tai trauma. Kun trauma energiat puretaan, my\u00f6s kehon asento korjaantuu.\u00a0<\/p><p>Tunnepuolta hoitaessa k\u00e4yt\u00e4n mm. EFT -menetelm\u00e4\u00e4, joka on tutkitusti tehokas hoitomuoto. Lis\u00e4tietoa aiheesta<a href=\"https:\/\/eftuniverse.com\/research-studies\/\"> https:\/\/eftuniverse.com\/research-studies\/\u00a0<\/a><\/p><p>Lis\u00e4tietoa energiahoidosta<a href=\"https:\/\/suomenenergiahoitajat.fi\/energiahoito\/\"> https:\/\/suomenenergiahoitajat.fi\/energiahoito\/<\/a><\/p><p>Kaikki tapaamisissa k\u00e4sitellyt asiat ovat t\u00e4ysin luottamuksellisia ja salassa pidett\u00e4vi\u00e4.\u00a0\u00a0<\/p><p><b>\u00a0 <\/b><\/p>\t\t\t\t\t\t\t\t<\/div>\n\t\t\t\t<\/div>\n\t\t\t\t<\/div>\n\t\t<div class=\"elementor-element elementor-element-e2fd4ae e-con-full e-flex e-con e-child\" data-id=\"e2fd4ae\" data-element_type=\"container\">\n\t\t\t\t<div class=\"elementor-element elementor-element-c23740b elementor-widget elementor-widget-image\" data-id=\"c23740b\" data-element_type=\"widget\" data-widget_type=\"image.default\">\n\t\t\t\t<div class=\"elementor-widget-container\">\n\t\t\t\t\t\t\t\t\t\t\t\t\t\t\t<img decoding=\"async\" width=\"1024\" height=\"768\" src=\"https:\/\/elamankruunu.fi\/wp-content\/uploads\/2024\/06\/20240405_1056292-1024x768.jpg\" class=\"attachment-large size-large wp-image-483\" alt=\"\" srcset=\"https:\/\/elamankruunu.fi\/wp-content\/uploads\/2024\/06\/20240405_1056292-1024x768.jpg 1024w, https:\/\/elamankruunu.fi\/wp-content\/uploads\/2024\/06\/20240405_1056292-300x225.jpg 300w, https:\/\/elamankruunu.fi\/wp-content\/uploads\/2024\/06\/20240405_1056292-768x576.jpg 768w, https:\/\/elamankruunu.fi\/wp-content\/uploads\/2024\/06\/20240405_1056292-1536x1152.jpg 1536w, https:\/\/elamankruunu.fi\/wp-content\/uploads\/2024\/06\/20240405_1056292-2048x1536.jpg 2048w\" sizes=\"(max-width: 1024px) 100vw, 1024px\" \/>\t\t\t\t\t\t\t\t\t\t\t\t\t\t\t<\/div>\n\t\t\t\t<\/div>\n\t\t\t\t<div class=\"elementor-element elementor-element-2122120 elementor-widget elementor-widget-spacer\" data-id=\"2122120\" data-element_type=\"widget\" data-widget_type=\"spacer.default\">\n\t\t\t\t<div class=\"elementor-widget-container\">\n\t\t\t\t\t\t\t<div class=\"elementor-spacer\">\n\t\t\t<div class=\"elementor-spacer-inner\"><\/div>\n\t\t<\/div>\n\t\t\t\t\t\t<\/div>\n\t\t\t\t<\/div>\n\t\t\t\t<div class=\"elementor-element elementor-element-a804758 elementor-align-center elementor-widget elementor-widget-button\" data-id=\"a804758\" data-element_type=\"widget\" data-widget_type=\"button.default\">\n\t\t\t\t<div class=\"elementor-widget-container\">\n\t\t\t\t\t\t\t\t\t<div class=\"elementor-button-wrapper\">\n\t\t\t\t\t<a class=\"elementor-button elementor-button-link elementor-size-sm\" href=\"https:\/\/nettiaika.fi\/elamankruunu\" target=\"_blank\">\n\t\t\t\t\t\t<span class=\"elementor-button-content-wrapper\">\n\t\t\t\t\t\t\t\t\t<span class=\"elementor-button-text\">Varaa aika energiahoitoon<\/span>\n\t\t\t\t\t<\/span>\n\t\t\t\t\t<\/a>\n\t\t\t\t<\/div>\n\t\t\t\t\t\t\t\t<\/div>\n\t\t\t\t<\/div>\n\t\t\t\t<div class=\"elementor-element elementor-element-57de98b elementor-widget elementor-widget-spacer\" data-id=\"57de98b\" data-element_type=\"widget\" data-widget_type=\"spacer.default\">\n\t\t\t\t<div class=\"elementor-widget-container\">\n\t\t\t\t\t\t\t<div class=\"elementor-spacer\">\n\t\t\t<div class=\"elementor-spacer-inner\"><\/div>\n\t\t<\/div>\n\t\t\t\t\t\t<\/div>\n\t\t\t\t<\/div>\n\t\t\t\t<div class=\"elementor-element elementor-element-91acf7f elementor-widget elementor-widget-text-editor\" data-id=\"91acf7f\" data-element_type=\"widget\" data-widget_type=\"text-editor.default\">\n\t\t\t\t<div class=\"elementor-widget-container\">\n\t\t\t\t\t\t\t\t\t<p>Energiahoito voidaan toteuttaa my\u00f6s kotik\u00e4yntin\u00e4. Varaathan siihen ajan paikanp\u00e4\u00e4ll\u00e4, s\u00e4hk\u00f6postitse tai soittamalla.<\/p><h4>Tiedustelut ja ajanvaraus:<\/h4><p>Puh. 040 5333 192<\/p><p>elamankruunu@gmail.com<\/p>\t\t\t\t\t\t\t\t<\/div>\n\t\t\t\t<\/div>\n\t\t\t\t<\/div>\n\t\t\t\t\t<\/div>\n\t\t\t\t<\/div>\n\t\t<div class=\"elementor-element elementor-element-87cff59 e-flex e-con-boxed e-con e-parent\" data-id=\"87cff59\" data-element_type=\"container\">\n\t\t\t\t\t<div class=\"e-con-inner\">\n\t\t<div class=\"elementor-element elementor-element-eef52e5 e-con-full e-flex e-con e-child\" data-id=\"eef52e5\" data-element_type=\"container\">\n\t\t\t\t<div class=\"elementor-element elementor-element-d861031 elementor-widget elementor-widget-image\" data-id=\"d861031\" data-element_type=\"widget\" data-widget_type=\"image.default\">\n\t\t\t\t<div class=\"elementor-widget-container\">\n\t\t\t\t\t\t\t\t\t\t\t\t\t\t\t\t<a href=\"https:\/\/suomenenergiahoitajat.fi\/energiahoito\/\">\n\t\t\t\t\t\t\t<img loading=\"lazy\" decoding=\"async\" width=\"1024\" height=\"324\" src=\"https:\/\/elamankruunu.fi\/wp-content\/uploads\/2024\/02\/BodyMind-logo-1024x324.png\" class=\"attachment-large size-large wp-image-197\" alt=\"\" srcset=\"https:\/\/elamankruunu.fi\/wp-content\/uploads\/2024\/02\/BodyMind-logo-1024x324.png 1024w, https:\/\/elamankruunu.fi\/wp-content\/uploads\/2024\/02\/BodyMind-logo-300x95.png 300w, https:\/\/elamankruunu.fi\/wp-content\/uploads\/2024\/02\/BodyMind-logo-768x243.png 768w, https:\/\/elamankruunu.fi\/wp-content\/uploads\/2024\/02\/BodyMind-logo.png 1206w\" sizes=\"(max-width: 1024px) 100vw, 1024px\" \/>\t\t\t\t\t\t\t\t<\/a>\n\t\t\t\t\t\t\t\t\t\t\t\t\t\t\t<\/div>\n\t\t\t\t<\/div>\n\t\t\t\t<\/div>\n\t\t<div class=\"elementor-element elementor-element-35d807c e-con-full e-flex e-con e-child\" data-id=\"35d807c\" data-element_type=\"container\">\n\t\t\t\t<\/div>\n\t\t\t\t\t<\/div>\n\t\t\t\t<\/div>\n\t\t<div class=\"elementor-element elementor-element-03a79a9 e-flex e-con-boxed e-con e-parent\" data-id=\"03a79a9\" data-element_type=\"container\">\n\t\t\t\t\t<div class=\"e-con-inner\">\n\t\t\t\t<div class=\"elementor-element elementor-element-99d3f32 elementor-widget elementor-widget-spacer\" data-id=\"99d3f32\" data-element_type=\"widget\" data-widget_type=\"spacer.default\">\n\t\t\t\t<div class=\"elementor-widget-container\">\n\t\t\t\t\t\t\t<div class=\"elementor-spacer\">\n\t\t\t<div class=\"elementor-spacer-inner\"><\/div>\n\t\t<\/div>\n\t\t\t\t\t\t<\/div>\n\t\t\t\t<\/div>\n\t\t\t\t<div class=\"elementor-element elementor-element-caf07e6 elementor-widget elementor-widget-heading\" data-id=\"caf07e6\" data-element_type=\"widget\" data-widget_type=\"heading.default\">\n\t\t\t\t<div class=\"elementor-widget-container\">\n\t\t\t\t\t<h2 class=\"elementor-heading-title elementor-size-default\">Asiakaskokemuksia energiahoitosta:<\/h2>\t\t\t\t<\/div>\n\t\t\t\t<\/div>\n\t\t\t\t<div class=\"elementor-element elementor-element-f4b91a4 elementor-widget elementor-widget-spacer\" data-id=\"f4b91a4\" data-element_type=\"widget\" data-widget_type=\"spacer.default\">\n\t\t\t\t<div class=\"elementor-widget-container\">\n\t\t\t\t\t\t\t<div class=\"elementor-spacer\">\n\t\t\t<div class=\"elementor-spacer-inner\"><\/div>\n\t\t<\/div>\n\t\t\t\t\t\t<\/div>\n\t\t\t\t<\/div>\n\t\t\t\t\t<\/div>\n\t\t\t\t<\/div>\n\t\t<div class=\"elementor-element elementor-element-0bdeab7 e-flex e-con-boxed e-con e-parent\" data-id=\"0bdeab7\" data-element_type=\"container\">\n\t\t\t\t\t<div class=\"e-con-inner\">\n\t\t<div class=\"elementor-element elementor-element-2d463df e-con-full e-flex e-con e-child\" data-id=\"2d463df\" data-element_type=\"container\">\n\t\t\t\t<div class=\"elementor-element elementor-element-663b7c4 elementor-widget elementor-widget-text-editor\" data-id=\"663b7c4\" data-element_type=\"widget\" data-widget_type=\"text-editor.default\">\n\t\t\t\t<div class=\"elementor-widget-container\">\n\t\t\t\t\t\t\t\t\t<div dir=\"auto\">Minulla oli ollut vuosia vaivana migreenityyppinen, aina kolme p\u00e4iv\u00e4\u00e4 kest\u00e4v\u00e4 p\u00e4\u00e4ns\u00e4rky, noin kuukauden v\u00e4lein. Tuomas J\u00e4k\u00f6n ammattitaitoinen hoito auttoi omasta skeptisyydest\u00e4ni huolimatta ja nyt pitk\u00e4kestoiset p\u00e4\u00e4ns\u00e4ryt on pysyneet poissa jo puolitoista vuotta. Voin suositella l\u00e4mpim\u00e4sti Tuomaksen ammattitaitoisia hoitoja, vaikka en t\u00e4h\u00e4n hoitotapaan aluksi uskonutkaan.\u00a0<\/div><div dir=\"auto\">\u00a0<\/div><div dir=\"auto\">Terveisin Juha Hintikka<\/div><p>\u00a0<\/p>\t\t\t\t\t\t\t\t<\/div>\n\t\t\t\t<\/div>\n\t\t\t\t<div class=\"elementor-element elementor-element-4dd8be5 elementor-widget elementor-widget-text-editor\" data-id=\"4dd8be5\" data-element_type=\"widget\" data-widget_type=\"text-editor.default\">\n\t\t\t\t<div class=\"elementor-widget-container\">\n\t\t\t\t\t\t\t\t\t<div dir=\"auto\">Menin hoitokerralle avoimin mielin ja hoito oli eritt\u00e4in positiivinen kokemus. Energiahoidon j\u00e4lkeen oli eritt\u00e4in rentoutunut olo ja hoidon avulla sain k\u00e4sitelty\u00e4 vanhoja huonoja muistoja. Energiahoito auttoi my\u00f6s kipeisiin leukoihini, jotka ovat rasittuneet y\u00f6llisest\u00e4 hampaiden narskuttelusta. Leukojen kipu ja kireys helpottui huomattavasti hoidon avulla.<br>Mietinkin hoidon j\u00e4lkeen, miksi en ole aikaisemmin kuullut energiahoidosta?<\/div>\n<div dir=\"auto\">&nbsp;<\/div>\n<div dir=\"auto\">&#8211; Alisa<\/div>\t\t\t\t\t\t\t\t<\/div>\n\t\t\t\t<\/div>\n\t\t\t\t<div class=\"elementor-element elementor-element-a384e9a elementor-widget elementor-widget-spacer\" data-id=\"a384e9a\" data-element_type=\"widget\" data-widget_type=\"spacer.default\">\n\t\t\t\t<div class=\"elementor-widget-container\">\n\t\t\t\t\t\t\t<div class=\"elementor-spacer\">\n\t\t\t<div class=\"elementor-spacer-inner\"><\/div>\n\t\t<\/div>\n\t\t\t\t\t\t<\/div>\n\t\t\t\t<\/div>\n\t\t\t\t<\/div>\n\t\t<div class=\"elementor-element elementor-element-ea390e1 e-con-full e-flex e-con e-child\" data-id=\"ea390e1\" data-element_type=\"container\">\n\t\t\t\t<div class=\"elementor-element elementor-element-23123fe elementor-widget elementor-widget-text-editor\" data-id=\"23123fe\" data-element_type=\"widget\" data-widget_type=\"text-editor.default\">\n\t\t\t\t<div class=\"elementor-widget-container\">\n\t\t\t\t\t\t\t\t\t<div>Kun kipu olkap\u00e4\u00e4ss\u00e4ni oli jatkuva ja esti p\u00e4ivitt\u00e4isi\u00e4 t\u00f6it\u00e4, sit\u00e4 etsii ja on valmis kokeilemaan mit\u00e4 vain jotta apua l\u00f6ytyisi. Kun kuulin energiahoitomuodosta ajattelin, ett\u00e4 siin\u00e4 taas yksi huuhaa hoito. Uteliaisuus ja kipu olkap\u00e4\u00e4ss\u00e4ni sek\u00e4 useat k\u00e4ynnit l\u00e4\u00e4k\u00e4rill\u00e4 ja fysioterapeutilla ajoivat minut lopulta energiahoitajalle. Ep\u00e4ilin hoitoa saadessani, enk\u00e4 uskonut ett\u00e4 apua tulisi. Hoidon j\u00e4lkeen en oikein tiennyt mit\u00e4 sanoisin, koska oli vaikeaa my\u00f6nt\u00e4\u00e4 ett\u00e4 kipu oli poissa. Nyt pystyin pitk\u00e4st\u00e4 aikaa nostamaan k\u00e4teni yl\u00f6s. Olkap\u00e4\u00e4 oli jonkin aikaa arka, mutta kipu poissa. Nyt on suhtautumiseni energiahoitoon muuttunut.<\/div>\n<div><br><\/div>\n<div>Terveisin Heikki<\/div>\t\t\t\t\t\t\t\t<\/div>\n\t\t\t\t<\/div>\n\t\t\t\t<div class=\"elementor-element elementor-element-4db7d08 elementor-hidden-mobile elementor-widget elementor-widget-image\" data-id=\"4db7d08\" data-element_type=\"widget\" data-widget_type=\"image.default\">\n\t\t\t\t<div class=\"elementor-widget-container\">\n\t\t\t\t\t\t\t\t\t\t\t\t\t\t\t<img loading=\"lazy\" decoding=\"async\" width=\"1024\" height=\"768\" src=\"https:\/\/elamankruunu.fi\/wp-content\/uploads\/2025\/03\/IMG-20240222-WA0052-1024x768.jpg\" class=\"attachment-large size-large wp-image-917\" alt=\"\" srcset=\"https:\/\/elamankruunu.fi\/wp-content\/uploads\/2025\/03\/IMG-20240222-WA0052-1024x768.jpg 1024w, https:\/\/elamankruunu.fi\/wp-content\/uploads\/2025\/03\/IMG-20240222-WA0052-300x225.jpg 300w, https:\/\/elamankruunu.fi\/wp-content\/uploads\/2025\/03\/IMG-20240222-WA0052-768x576.jpg 768w, https:\/\/elamankruunu.fi\/wp-content\/uploads\/2025\/03\/IMG-20240222-WA0052-1536x1152.jpg 1536w, https:\/\/elamankruunu.fi\/wp-content\/uploads\/2025\/03\/IMG-20240222-WA0052.jpg 2048w\" sizes=\"(max-width: 1024px) 100vw, 1024px\" \/>\t\t\t\t\t\t\t\t\t\t\t\t\t\t\t<\/div>\n\t\t\t\t<\/div>\n\t\t\t\t<div class=\"elementor-element elementor-element-5f7830f elementor-widget elementor-widget-spacer\" data-id=\"5f7830f\" data-element_type=\"widget\" data-widget_type=\"spacer.default\">\n\t\t\t\t<div class=\"elementor-widget-container\">\n\t\t\t\t\t\t\t<div class=\"elementor-spacer\">\n\t\t\t<div class=\"elementor-spacer-inner\"><\/div>\n\t\t<\/div>\n\t\t\t\t\t\t<\/div>\n\t\t\t\t<\/div>\n\t\t\t\t<\/div>\n\t\t<div class=\"elementor-element elementor-element-b307952 e-con-full e-flex e-con e-child\" data-id=\"b307952\" data-element_type=\"container\">\n\t\t\t\t<div class=\"elementor-element elementor-element-64631dd elementor-widget elementor-widget-text-editor\" data-id=\"64631dd\" data-element_type=\"widget\" data-widget_type=\"text-editor.default\">\n\t\t\t\t<div class=\"elementor-widget-container\">\n\t\t\t\t\t\t\t\t\t<p>L\u00f6ysin Tuomaksen energiahoidot pian sen j\u00e4lkeen, kun olin saanut diagnoosin vakavasta sairaudesta. Energiahoidot olivat suurena apuna tilanteen k\u00e4sittelyss\u00e4 ja oireiden juurisyiden hoitamisessa. Tuomaksen ammattitaito ja rauhallinen l\u00e4sn\u00e4olo antoivat parhaan mahdollisen tuen paranemismatkalleni.<\/p><p>&#8211; Emma<\/p>\t\t\t\t\t\t\t\t<\/div>\n\t\t\t\t<\/div>\n\t\t\t\t<div class=\"elementor-element elementor-element-8ad939e elementor-widget elementor-widget-text-editor\" data-id=\"8ad939e\" data-element_type=\"widget\" data-widget_type=\"text-editor.default\">\n\t\t\t\t<div class=\"elementor-widget-container\">\n\t\t\t\t\t\t\t\t\t<p>Hevoselleni oli tapahtunut tapaturma ja se oli jo vuosia kipuillut v\u00e4lill\u00e4 selvemmin, mutta emme syyt\u00e4 l\u00f6yt\u00e4neet emmek\u00e4 kivun kohtaa. Hyvin useita kertoja k\u00e4vimme el\u00e4inl\u00e4\u00e4k\u00e4rill\u00e4 tutkimuksissa, mutta mit\u00e4\u00e4n mainittavaa ei l\u00f6ytynyt eik\u00e4 apua saanut ja kun Tuomas, josta tied\u00e4n, ettei h\u00e4n tunne hevosia, aloitti hevoselle energiahoidon, hevonen rauhoittui, seurasi hoitoa ja selv\u00e4sti my\u00f6t\u00e4ili mukana. Hoidon j\u00e4lkeen hevonen muuttui rennommaksi ja alkoi ty\u00f6skennell\u00e4 mielell\u00e4\u00e4n. Kipuoireilua n\u00e4in v\u00e4lill\u00e4 ja muutamia kertoja huomatessani sen, soitin ja pyysin et\u00e4energiahoitoa.&nbsp;<span style=\"font-style: inherit; font-weight: inherit; letter-spacing: 0px; text-align: var(--text-align);\">Se auttoi.<\/span><\/p>\n<div class=\"yj6qo\">&nbsp;&#8211; Heidi<\/div>\n<p><\/p>\t\t\t\t\t\t\t\t<\/div>\n\t\t\t\t<\/div>\n\t\t\t\t<\/div>\n\t\t\t\t\t<\/div>\n\t\t\t\t<\/div>\n\t\t<div class=\"elementor-element elementor-element-631f208 e-flex e-con-boxed e-con e-parent\" data-id=\"631f208\" data-element_type=\"container\">\n\t\t\t\t\t<div class=\"e-con-inner\">\n\t\t<div class=\"elementor-element elementor-element-cc12aec e-con-full e-flex e-con e-child\" data-id=\"cc12aec\" data-element_type=\"container\">\n\t\t\t\t<\/div>\n\t\t<div class=\"elementor-element elementor-element-e927908 e-con-full e-flex e-con e-child\" data-id=\"e927908\" data-element_type=\"container\">\n\t\t\t\t<\/div>\n\t\t\t\t\t<\/div>\n\t\t\t\t<\/div>\n\t\t<div class=\"elementor-element elementor-element-cc12101 e-flex e-con-boxed e-con e-parent\" data-id=\"cc12101\" data-element_type=\"container\">\n\t\t\t\t\t<div class=\"e-con-inner\">\n\t\t\t\t<div class=\"elementor-element elementor-element-6b524c6 elementor-widget elementor-widget-spacer\" data-id=\"6b524c6\" data-element_type=\"widget\" data-widget_type=\"spacer.default\">\n\t\t\t\t<div class=\"elementor-widget-container\">\n\t\t\t\t\t\t\t<div class=\"elementor-spacer\">\n\t\t\t<div class=\"elementor-spacer-inner\"><\/div>\n\t\t<\/div>\n\t\t\t\t\t\t<\/div>\n\t\t\t\t<\/div>\n\t\t\t\t\t<\/div>\n\t\t\t\t<\/div>\n\t\t\t\t<\/div>\n\t\t","protected":false},"excerpt":{"rendered":"<p>Energiahoito Body Mind -energeettinen j\u00e4senkorjaus ja energiahoito Energiahoito auttaa saavuttamaan kokonaisvaltaista hyvinvointia ja tasapainoa.\u00a0 Sen avulla voit saada apua monenlaisiin [&hellip;]<\/p>\n","protected":false},"author":1,"featured_media":0,"parent":0,"menu_order":0,"comment_status":"closed","ping_status":"closed","template":"","meta":{"om_disable_all_campaigns":false,"site-sidebar-layout":"no-sidebar","site-content-layout":"","ast-site-content-layout":"full-width-container","site-content-style":"default","site-sidebar-style":"default","ast-global-header-display":"","ast-banner-title-visibility":"","ast-main-header-display":"","ast-hfb-above-header-display":"","ast-hfb-below-header-display":"","ast-hfb-mobile-header-display":"","site-post-title":"disabled","ast-breadcrumbs-content":"","ast-featured-img":"disabled","footer-sml-layout":"","theme-transparent-header-meta":"","adv-header-id-meta":"","stick-header-meta":"","header-above-stick-meta":"","header-main-stick-meta":"","header-below-stick-meta":"","astra-migrate-meta-layouts":"default","ast-page-background-enabled":"default","ast-page-background-meta":{"desktop":{"background-color":"var(--ast-global-color-4)","background-image":"","background-repeat":"repeat","background-position":"center center","background-size":"auto","background-attachment":"scroll","background-type":"","background-media":"","overlay-type":"","overlay-color":"","overlay-gradient":""},"tablet":{"background-color":"","background-image":"","background-repeat":"repeat","background-position":"center center","background-size":"auto","background-attachment":"scroll","background-type":"","background-media":"","overlay-type":"","overlay-color":"","overlay-gradient":""},"mobile":{"background-color":"","background-image":"","background-repeat":"repeat","background-position":"center center","background-size":"auto","background-attachment":"scroll","background-type":"","background-media":"","overlay-type":"","overlay-color":"","overlay-gradient":""}},"ast-content-background-meta":{"desktop":{"background-color":"var(--ast-global-color-5)","background-image":"","background-repeat":"repeat","background-position":"center center","background-size":"auto","background-attachment":"scroll","background-type":"","background-media":"","overlay-type":"","overlay-color":"","overlay-gradient":""},"tablet":{"background-color":"var(--ast-global-color-5)","background-image":"","background-repeat":"repeat","background-position":"center center","background-size":"auto","background-attachment":"scroll","background-type":"","background-media":"","overlay-type":"","overlay-color":"","overlay-gradient":""},"mobile":{"background-color":"var(--ast-global-color-5)","background-image":"","background-repeat":"repeat","background-position":"center center","background-size":"auto","background-attachment":"scroll","background-type":"","background-media":"","overlay-type":"","overlay-color":"","overlay-gradient":""}},"footnotes":""},"class_list":["post-695","page","type-page","status-publish","hentry"],"aioseo_notices":[],"_links":{"self":[{"href":"https:\/\/elamankruunu.fi\/index.php\/wp-json\/wp\/v2\/pages\/695","targetHints":{"allow":["GET"]}}],"collection":[{"href":"https:\/\/elamankruunu.fi\/index.php\/wp-json\/wp\/v2\/pages"}],"about":[{"href":"https:\/\/elamankruunu.fi\/index.php\/wp-json\/wp\/v2\/types\/page"}],"author":[{"embeddable":true,"href":"https:\/\/elamankruunu.fi\/index.php\/wp-json\/wp\/v2\/users\/1"}],"replies":[{"embeddable":true,"href":"https:\/\/elamankruunu.fi\/index.php\/wp-json\/wp\/v2\/comments?post=695"}],"version-history":[{"count":91,"href":"https:\/\/elamankruunu.fi\/index.php\/wp-json\/wp\/v2\/pages\/695\/revisions"}],"predecessor-version":[{"id":1371,"href":"https:\/\/elamankruunu.fi\/index.php\/wp-json\/wp\/v2\/pages\/695\/revisions\/1371"}],"wp:attachment":[{"href":"https:\/\/elamankruunu.fi\/index.php\/wp-json\/wp\/v2\/media?parent=695"}],"curies":[{"name":"wp","href":"https:\/\/api.w.org\/{rel}","templated":true}]}}