{"id":2,"date":"2024-02-22T16:18:58","date_gmt":"2024-02-22T14:18:58","guid":{"rendered":"http:\/\/elamankruunu.fi\/?page_id=2"},"modified":"2025-10-22T19:38:03","modified_gmt":"2025-10-22T16:38:03","slug":"kognitiivinen-lyhytterapia","status":"publish","type":"page","link":"https:\/\/elamankruunu.fi\/index.php\/kognitiivinen-lyhytterapia\/","title":{"rendered":"Kognitiivinen lyhytterapia"},"content":{"rendered":"\t\t<div data-elementor-type=\"wp-page\" data-elementor-id=\"2\" class=\"elementor elementor-2\">\n\t\t\t\t<div class=\"elementor-element elementor-element-3a5b77e e-flex e-con-boxed e-con e-parent\" data-id=\"3a5b77e\" data-element_type=\"container\">\n\t\t\t\t\t<div class=\"e-con-inner\">\n\t\t\t\t<div class=\"elementor-element elementor-element-6ddf90d elementor-widget-mobile__width-initial elementor-hidden-desktop elementor-hidden-tablet elementor-widget elementor-widget-image\" data-id=\"6ddf90d\" data-element_type=\"widget\" data-widget_type=\"image.default\">\n\t\t\t\t<div class=\"elementor-widget-container\">\n\t\t\t\t\t\t\t\t\t\t\t\t\t\t\t\t<a href=\"https:\/\/elamankruunu.fi\/\">\n\t\t\t\t\t\t\t<img fetchpriority=\"high\" decoding=\"async\" width=\"2000\" height=\"857\" src=\"https:\/\/elamankruunu.fi\/wp-content\/uploads\/2025\/04\/Oveen1-e1744191492709.png\" class=\"attachment-full size-full wp-image-1093\" alt=\"\" srcset=\"https:\/\/elamankruunu.fi\/wp-content\/uploads\/2025\/04\/Oveen1-e1744191492709.png 2000w, https:\/\/elamankruunu.fi\/wp-content\/uploads\/2025\/04\/Oveen1-e1744191492709-300x129.png 300w, https:\/\/elamankruunu.fi\/wp-content\/uploads\/2025\/04\/Oveen1-e1744191492709-1024x439.png 1024w, https:\/\/elamankruunu.fi\/wp-content\/uploads\/2025\/04\/Oveen1-e1744191492709-768x329.png 768w, https:\/\/elamankruunu.fi\/wp-content\/uploads\/2025\/04\/Oveen1-e1744191492709-1536x658.png 1536w\" sizes=\"(max-width: 2000px) 100vw, 2000px\" \/>\t\t\t\t\t\t\t\t<\/a>\n\t\t\t\t\t\t\t\t\t\t\t\t\t\t\t<\/div>\n\t\t\t\t<\/div>\n\t\t\t\t\t<\/div>\n\t\t\t\t<\/div>\n\t\t<div class=\"elementor-element elementor-element-c251389 e-grid e-con-full e-transform e-transform e-con e-parent\" data-id=\"c251389\" data-element_type=\"container\" data-settings=\"{&quot;_transform_translateY_effect&quot;:{&quot;unit&quot;:&quot;px&quot;,&quot;size&quot;:36,&quot;sizes&quot;:[]},&quot;_transform_scale_effect&quot;:{&quot;unit&quot;:&quot;px&quot;,&quot;size&quot;:1.6,&quot;sizes&quot;:[]},&quot;_transform_translateX_effect&quot;:{&quot;unit&quot;:&quot;px&quot;,&quot;size&quot;:&quot;&quot;,&quot;sizes&quot;:[]},&quot;_transform_translateX_effect_tablet&quot;:{&quot;unit&quot;:&quot;px&quot;,&quot;size&quot;:&quot;&quot;,&quot;sizes&quot;:[]},&quot;_transform_translateX_effect_mobile&quot;:{&quot;unit&quot;:&quot;px&quot;,&quot;size&quot;:&quot;&quot;,&quot;sizes&quot;:[]},&quot;_transform_translateY_effect_tablet&quot;:{&quot;unit&quot;:&quot;px&quot;,&quot;size&quot;:&quot;&quot;,&quot;sizes&quot;:[]},&quot;_transform_translateY_effect_mobile&quot;:{&quot;unit&quot;:&quot;px&quot;,&quot;size&quot;:&quot;&quot;,&quot;sizes&quot;:[]},&quot;_transform_scale_effect_tablet&quot;:{&quot;unit&quot;:&quot;px&quot;,&quot;size&quot;:&quot;&quot;,&quot;sizes&quot;:[]},&quot;_transform_scale_effect_mobile&quot;:{&quot;unit&quot;:&quot;px&quot;,&quot;size&quot;:&quot;&quot;,&quot;sizes&quot;:[]}}\">\n\t\t\t\t<div class=\"elementor-element elementor-element-203f239 e-transform elementor-widget__width-initial e-transform elementor-hidden-mobile elementor-widget elementor-widget-image\" data-id=\"203f239\" data-element_type=\"widget\" data-settings=\"{&quot;_transform_translateY_effect&quot;:{&quot;unit&quot;:&quot;px&quot;,&quot;size&quot;:-10,&quot;sizes&quot;:[]},&quot;_transform_scale_effect&quot;:{&quot;unit&quot;:&quot;px&quot;,&quot;size&quot;:0.8,&quot;sizes&quot;:[]},&quot;_transform_translateY_effect_tablet&quot;:{&quot;unit&quot;:&quot;px&quot;,&quot;size&quot;:-14,&quot;sizes&quot;:[]},&quot;_transform_translateY_effect_mobile&quot;:{&quot;unit&quot;:&quot;px&quot;,&quot;size&quot;:6,&quot;sizes&quot;:[]},&quot;_transform_scale_effect_mobile&quot;:{&quot;unit&quot;:&quot;px&quot;,&quot;size&quot;:2.1,&quot;sizes&quot;:[]},&quot;_transform_translateX_effect&quot;:{&quot;unit&quot;:&quot;px&quot;,&quot;size&quot;:&quot;&quot;,&quot;sizes&quot;:[]},&quot;_transform_translateX_effect_tablet&quot;:{&quot;unit&quot;:&quot;px&quot;,&quot;size&quot;:&quot;&quot;,&quot;sizes&quot;:[]},&quot;_transform_translateX_effect_mobile&quot;:{&quot;unit&quot;:&quot;px&quot;,&quot;size&quot;:&quot;&quot;,&quot;sizes&quot;:[]},&quot;_transform_scale_effect_tablet&quot;:{&quot;unit&quot;:&quot;px&quot;,&quot;size&quot;:&quot;&quot;,&quot;sizes&quot;:[]}}\" data-widget_type=\"image.default\">\n\t\t\t\t<div class=\"elementor-widget-container\">\n\t\t\t\t\t\t\t\t\t\t\t\t\t\t\t\t<a href=\"http:\/\/elamankruunu.fi\">\n\t\t\t\t\t\t\t<img decoding=\"async\" width=\"7937\" height=\"945\" src=\"https:\/\/elamankruunu.fi\/wp-content\/uploads\/2025\/03\/Nimeton-2100-x-250-mm1.png\" class=\"attachment-full size-full wp-image-793\" alt=\"\" srcset=\"https:\/\/elamankruunu.fi\/wp-content\/uploads\/2025\/03\/Nimeton-2100-x-250-mm1.png 7937w, https:\/\/elamankruunu.fi\/wp-content\/uploads\/2025\/03\/Nimeton-2100-x-250-mm1-300x36.png 300w, https:\/\/elamankruunu.fi\/wp-content\/uploads\/2025\/03\/Nimeton-2100-x-250-mm1-1024x122.png 1024w, https:\/\/elamankruunu.fi\/wp-content\/uploads\/2025\/03\/Nimeton-2100-x-250-mm1-768x91.png 768w, https:\/\/elamankruunu.fi\/wp-content\/uploads\/2025\/03\/Nimeton-2100-x-250-mm1-1536x183.png 1536w, https:\/\/elamankruunu.fi\/wp-content\/uploads\/2025\/03\/Nimeton-2100-x-250-mm1-2048x244.png 2048w\" sizes=\"(max-width: 7937px) 100vw, 7937px\" \/>\t\t\t\t\t\t\t\t<\/a>\n\t\t\t\t\t\t\t\t\t\t\t\t\t\t\t<\/div>\n\t\t\t\t<\/div>\n\t\t\t\t<\/div>\n\t\t<div class=\"elementor-element elementor-element-ae7120f e-flex e-con-boxed e-con e-parent\" data-id=\"ae7120f\" data-element_type=\"container\">\n\t\t\t\t\t<div class=\"e-con-inner\">\n\t\t\t\t<div class=\"elementor-element elementor-element-6b30853 elementor-hidden-mobile elementor-widget elementor-widget-spacer\" data-id=\"6b30853\" data-element_type=\"widget\" data-widget_type=\"spacer.default\">\n\t\t\t\t<div class=\"elementor-widget-container\">\n\t\t\t\t\t\t\t<div class=\"elementor-spacer\">\n\t\t\t<div class=\"elementor-spacer-inner\"><\/div>\n\t\t<\/div>\n\t\t\t\t\t\t<\/div>\n\t\t\t\t<\/div>\n\t\t\t\t\t<\/div>\n\t\t\t\t<\/div>\n\t\t<div class=\"elementor-element elementor-element-72c9bb5 e-flex e-con-boxed e-con e-parent\" data-id=\"72c9bb5\" data-element_type=\"container\">\n\t\t\t\t\t<div class=\"e-con-inner\">\n\t\t\t\t\t<\/div>\n\t\t\t\t<\/div>\n\t\t<div class=\"elementor-element elementor-element-016422d e-flex e-con-boxed e-con e-parent\" data-id=\"016422d\" data-element_type=\"container\">\n\t\t\t\t\t<div class=\"e-con-inner\">\n\t\t<div class=\"elementor-element elementor-element-aa9ca6d e-con-full e-flex e-con e-child\" data-id=\"aa9ca6d\" data-element_type=\"container\">\n\t\t<div class=\"elementor-element elementor-element-8abc5af e-flex e-con-boxed e-con e-child\" data-id=\"8abc5af\" data-element_type=\"container\">\n\t\t\t\t\t<div class=\"e-con-inner\">\n\t\t<div class=\"elementor-element elementor-element-660aeab e-con-full e-flex e-con e-child\" data-id=\"660aeab\" data-element_type=\"container\">\n\t\t\t\t<div class=\"elementor-element elementor-element-868df8d elementor-widget elementor-widget-image\" data-id=\"868df8d\" data-element_type=\"widget\" data-widget_type=\"image.default\">\n\t\t\t\t<div class=\"elementor-widget-container\">\n\t\t\t\t\t\t\t\t\t\t\t\t\t\t\t<img decoding=\"async\" width=\"1024\" height=\"768\" src=\"https:\/\/elamankruunu.fi\/wp-content\/uploads\/2024\/02\/20230408_1754173-1024x768.jpg\" class=\"attachment-large size-large wp-image-179\" alt=\"\" srcset=\"https:\/\/elamankruunu.fi\/wp-content\/uploads\/2024\/02\/20230408_1754173-1024x768.jpg 1024w, https:\/\/elamankruunu.fi\/wp-content\/uploads\/2024\/02\/20230408_1754173-300x225.jpg 300w, https:\/\/elamankruunu.fi\/wp-content\/uploads\/2024\/02\/20230408_1754173-768x576.jpg 768w, https:\/\/elamankruunu.fi\/wp-content\/uploads\/2024\/02\/20230408_1754173-1536x1152.jpg 1536w, https:\/\/elamankruunu.fi\/wp-content\/uploads\/2024\/02\/20230408_1754173-2048x1536.jpg 2048w\" sizes=\"(max-width: 1024px) 100vw, 1024px\" \/>\t\t\t\t\t\t\t\t\t\t\t\t\t\t\t<\/div>\n\t\t\t\t<\/div>\n\t\t\t\t<div class=\"elementor-element elementor-element-01fe59c elementor-hidden-mobile elementor-widget elementor-widget-text-editor\" data-id=\"01fe59c\" data-element_type=\"widget\" data-widget_type=\"text-editor.default\">\n\t\t\t\t<div class=\"elementor-widget-container\">\n\t\t\t\t\t\t\t\t\t<p><span style=\"font-weight: 400;\">Minulla on laaja erityisosaaminen ja kokemus neuropsykiatrisista erityispiirteist\u00e4 (ADHD, ADD, autismikirjo, Tourette, PDA, aistis\u00e4\u00e4telyn vaikeudet, valikoiva puhumattomuus), autismista, vammaisuudesta, pitk\u00e4aikaissairauksista (mm. erilaiset autoimmuunisairaudet, ME\/CFS, neurologiset sairaudet) sek\u00e4 omaisen ett\u00e4 ty\u00f6ntekij\u00e4n roolissa.\u00a0<\/span><\/p>\t\t\t\t\t\t\t\t<\/div>\n\t\t\t\t<\/div>\n\t\t\t\t<div class=\"elementor-element elementor-element-358e186 elementor-widget elementor-widget-spacer\" data-id=\"358e186\" data-element_type=\"widget\" data-widget_type=\"spacer.default\">\n\t\t\t\t<div class=\"elementor-widget-container\">\n\t\t\t\t\t\t\t<div class=\"elementor-spacer\">\n\t\t\t<div class=\"elementor-spacer-inner\"><\/div>\n\t\t<\/div>\n\t\t\t\t\t\t<\/div>\n\t\t\t\t<\/div>\n\t\t\t\t<\/div>\n\t\t<div class=\"elementor-element elementor-element-26fd7f8 e-con-full e-flex e-con e-child\" data-id=\"26fd7f8\" data-element_type=\"container\">\n\t\t\t\t<div class=\"elementor-element elementor-element-1641fc1 elementor-widget elementor-widget-heading\" data-id=\"1641fc1\" data-element_type=\"widget\" data-widget_type=\"heading.default\">\n\t\t\t\t<div class=\"elementor-widget-container\">\n\t\t\t\t\t<h1 class=\"elementor-heading-title elementor-size-default\">Kognitiivinen lyhytterapia<\/h1>\t\t\t\t<\/div>\n\t\t\t\t<\/div>\n\t\t\t\t<div class=\"elementor-element elementor-element-6f28819 elementor-widget elementor-widget-text-editor\" data-id=\"6f28819\" data-element_type=\"widget\" data-widget_type=\"text-editor.default\">\n\t\t\t\t<div class=\"elementor-widget-container\">\n\t\t\t\t\t\t\t\t\t<h4><span style=\"font-weight: 400;\">Kognitiivis-integratiivinen l\u00e4hestymistapa\u00a0<\/span><\/h4><p><span style=\"font-weight: 400;\">Kognitiivinen lyhytterapia on matalan kynnyksen apua el\u00e4m\u00e4n haastaviin tilanteisiin ja muutosprosesseihin. Kognitiiviset menetelm\u00e4t auttavat tunnistamaan ja muuttamaan toiminta- ja ajattelumalleja, jotka yll\u00e4pit\u00e4v\u00e4t sopeutumisvaikeuksia tai emotionaalisia oireita.\u00a0<\/span><\/p><p><span style=\"font-weight: 400;\">Kognitiivinen terapia tuo helpotusta el\u00e4m\u00e4nkriiseiss\u00e4, stressi- ja uupumistilanteisssa, pelko- ja paniikkih\u00e4iri\u00f6iss\u00e4, masennustiloissa sek\u00e4 muissa tunne-el\u00e4m\u00e4n ja sopeutumisen haasteissa.<\/span><\/p><p><span style=\"font-weight: 400;\"> Haluatko vapautua haitallisista el\u00e4m\u00e4\u00e4 rajoittavista uskomuksista, lis\u00e4t\u00e4 itsetuntemusta ja ymm\u00e4rt\u00e4\u00e4 paremmin toistuvia toimintamalleja ja reaktioita? Voisiko pieni lis\u00e4ys itsemy\u00f6t\u00e4tuntoa helpottaa oloasi?<\/span><\/p><p><span style=\"font-weight: 400;\">Lyhytterapeuttina minulla on kognitiivis-integratiivinen l\u00e4hestymistapa. Arvostan jokaisen ihmisen ainutlaatuista el\u00e4m\u00e4ntarinaa. Yhdist\u00e4n usean eri terapiasuuntauksen sek\u00e4 uuden ajan terapeuttisia menetelmi\u00e4\u00a0 ja valitsen niist\u00e4 sinulle parhaiten sopivat.\u00a0<\/span><\/p>\t\t\t\t\t\t\t\t<\/div>\n\t\t\t\t<\/div>\n\t\t\t\t<\/div>\n\t\t\t\t\t<\/div>\n\t\t\t\t<\/div>\n\t\t\t\t<\/div>\n\t\t<div class=\"elementor-element elementor-element-4203afd e-con-full e-flex e-con e-child\" data-id=\"4203afd\" data-element_type=\"container\">\n\t\t\t\t<\/div>\n\t\t\t\t\t<\/div>\n\t\t\t\t<\/div>\n\t\t<div class=\"elementor-element elementor-element-4deae87 e-flex e-con-boxed e-con e-parent\" data-id=\"4deae87\" data-element_type=\"container\">\n\t\t\t\t\t<div class=\"e-con-inner\">\n\t\t\t\t<div class=\"elementor-element elementor-element-08d4bb0 elementor-widget elementor-widget-text-editor\" data-id=\"08d4bb0\" data-element_type=\"widget\" data-widget_type=\"text-editor.default\">\n\t\t\t\t<div class=\"elementor-widget-container\">\n\t\t\t\t\t\t\t\t\t<p>\u00a0<span style=\"font-weight: 400;\">Terapia on kuin tutkimusmatka, jonka aikana teet oivalluksia.<\/span><\/p>\t\t\t\t\t\t\t\t<\/div>\n\t\t\t\t<\/div>\n\t\t\t\t\t<\/div>\n\t\t\t\t<\/div>\n\t\t<div class=\"elementor-element elementor-element-5bb2320 e-con-full e-flex e-con e-parent\" data-id=\"5bb2320\" data-element_type=\"container\">\n\t\t\t\t<div class=\"elementor-element elementor-element-1a12434 elementor-widget elementor-widget-text-editor\" data-id=\"1a12434\" data-element_type=\"widget\" data-widget_type=\"text-editor.default\">\n\t\t\t\t<div class=\"elementor-widget-container\">\n\t\t\t\t\t\t\t\t\t<p>\u00a0<\/p><p><span style=\"font-weight: 400;\">Terapian edetess\u00e4 n\u00e4et yh\u00e4 selvemmin suunnan, mihin haluat kulkea. L\u00f6yd\u00e4t sinun kauniin el\u00e4m\u00e4npolun. Kognitiivinen terapia on k\u00e4yt\u00e4nn\u00f6nl\u00e4heist\u00e4 ja muovautuu sinun n\u00e4k\u00f6iseksi matkaksi, jossa sinulla on aktiivinen rooli. Olet oman el\u00e4m\u00e4si p\u00e4\u00e4henkil\u00f6.\u00a0<\/span><\/p><p><span style=\"font-weight: 400;\">Kognitiivinen lyhytterapia on n\u00e4ytt\u00f6\u00f6n perustuvaa, turvallista, kustannustehokasta ja ajallisesti rajattua. Kognitiivinen lyhytterapia on kansainv\u00e4lisesti tutkituin, tehokkain ja kysytyin terapiamuoto.<\/span><\/p><p><span style=\"font-weight: 400;\">Lyhytterapian kesto on asiakkaasta riippuen 1-20 tapaamiskertaa.\u00a0 Aloitusjakson (1-4 tapaamista) j\u00e4lkeen osaamme arvioida yhdess\u00e4, onko mielek\u00e4st\u00e4 ja hy\u00f6dyllist\u00e4 jatkaa terapiaa. K\u00e4yntikerran pituus on 60 tai 90 minuuttia. Voit my\u00f6s varata yksitt\u00e4isen tapaamisen, jolla on mahdollista k\u00e4ynnist\u00e4\u00e4 itsehavainnointi ja muutosprosessi.\u00a0<\/span><\/p><p><span style=\"font-weight: 400;\">Lyhytterapia antaa sinulle mahdollisuuden p\u00e4\u00e4st\u00e4 keskustelemaan asioista nopeasti ilman diagnoosia tai l\u00e4\u00e4k\u00e4rin l\u00e4hetett\u00e4. Tarjoan lyhytterapeuttista palvelua omakustanteisesti, ty\u00f6nantajan maksavana tai ostopalveluna.<\/span><\/p>\t\t\t\t\t\t\t\t<\/div>\n\t\t\t\t<\/div>\n\t\t\t\t<\/div>\n\t\t<div class=\"elementor-element elementor-element-c929ab3 e-flex e-con-boxed e-con e-parent\" data-id=\"c929ab3\" data-element_type=\"container\">\n\t\t\t\t\t<div class=\"e-con-inner\">\n\t\t\t\t<div class=\"elementor-element elementor-element-e58582c elementor-widget elementor-widget-spacer\" data-id=\"e58582c\" data-element_type=\"widget\" data-widget_type=\"spacer.default\">\n\t\t\t\t<div class=\"elementor-widget-container\">\n\t\t\t\t\t\t\t<div class=\"elementor-spacer\">\n\t\t\t<div class=\"elementor-spacer-inner\"><\/div>\n\t\t<\/div>\n\t\t\t\t\t\t<\/div>\n\t\t\t\t<\/div>\n\t\t\t\t\t<\/div>\n\t\t\t\t<\/div>\n\t\t<div class=\"elementor-element elementor-element-54f5129 e-con-full e-flex e-con e-parent\" data-id=\"54f5129\" data-element_type=\"container\">\n\t\t<div class=\"elementor-element elementor-element-0b0a7a8 e-con-full e-flex e-con e-child\" data-id=\"0b0a7a8\" data-element_type=\"container\">\n\t\t\t\t<div class=\"elementor-element elementor-element-97a9465 elementor-widget elementor-widget-text-editor\" data-id=\"97a9465\" data-element_type=\"widget\" data-widget_type=\"text-editor.default\">\n\t\t\t\t<div class=\"elementor-widget-container\">\n\t\t\t\t\t\t\t\t\t<p><span style=\"font-style: inherit; letter-spacing: 0.3px;\">Kaikki tapaamisissa k\u00e4sitellyt asiat ovat t\u00e4ysin luottamuksellisia ja salassa pidett\u00e4vi\u00e4. <\/span><b style=\"font-style: inherit; letter-spacing: 0.3px;\">Asiakkaista ei yll\u00e4pidet\u00e4 rekisteri\u00e4 eik\u00e4 tietoja kirjata OmaKantaan. <\/b><span style=\"font-style: inherit; letter-spacing: 0.3px;\">\u00a0<\/span><\/p><p><span style=\"font-weight: 400;\">L\u00e4hitapaamiset Porin Tiilim\u00e4ess\u00e4.\u00a0<\/span><\/p><p><span style=\"font-weight: 400;\">Tiedustelut ja ajanvaraus s\u00e4hk\u00f6postitse <\/span><a href=\"mailto:elamankruunu@gmail.com\"><span style=\"font-weight: 400;\">elamankruunu@gmail.com<\/span><\/a><span style=\"font-weight: 400;\"> tai soittamalla numeroon 040 5333192. <\/span><span style=\"font-weight: 400;\">Voit varata maksuttoman 20 minuutin puhelinkonsultaation.<\/span><\/p>\t\t\t\t\t\t\t\t<\/div>\n\t\t\t\t<\/div>\n\t\t\t\t<\/div>\n\t\t<div class=\"elementor-element elementor-element-0a3366a e-con-full e-flex e-con e-child\" data-id=\"0a3366a\" data-element_type=\"container\">\n\t\t\t\t<\/div>\n\t\t<div class=\"elementor-element elementor-element-fb1355f e-con-full e-flex e-con e-child\" data-id=\"fb1355f\" data-element_type=\"container\">\n\t\t\t\t<div class=\"elementor-element elementor-element-35ff281 elementor-widget elementor-widget-text-editor\" data-id=\"35ff281\" data-element_type=\"widget\" data-widget_type=\"text-editor.default\">\n\t\t\t\t<div class=\"elementor-widget-container\">\n\t\t\t\t\t\t\t\t\t<p><span style=\"font-weight: 400;\">Jos hakeudut Kelan korvaaman pitk\u00e4kestoisen kuntoutuspsykoterapian piiriin, maksat siit\u00e4 omavastuun 20-45\u20ac \/ tapaaminen riippuen palveluntuottajan taksoista. <\/span><b>Pitk\u00e4kestoisen kuntoutuspsykoterapian kokonaiskustannus on lopulta usein korkeampi kuin lyhytterapiasta aiheutuva kustannus.<\/b><\/p>\t\t\t\t\t\t\t\t<\/div>\n\t\t\t\t<\/div>\n\t\t\t\t<\/div>\n\t\t\t\t<\/div>\n\t\t<div class=\"elementor-element elementor-element-966f6a0 e-flex e-con-boxed e-con e-parent\" data-id=\"966f6a0\" data-element_type=\"container\">\n\t\t\t\t\t<div class=\"e-con-inner\">\n\t\t\t\t<div class=\"elementor-element elementor-element-3b23c11 elementor-widget elementor-widget-spacer\" data-id=\"3b23c11\" data-element_type=\"widget\" data-widget_type=\"spacer.default\">\n\t\t\t\t<div class=\"elementor-widget-container\">\n\t\t\t\t\t\t\t<div class=\"elementor-spacer\">\n\t\t\t<div class=\"elementor-spacer-inner\"><\/div>\n\t\t<\/div>\n\t\t\t\t\t\t<\/div>\n\t\t\t\t<\/div>\n\t\t\t\t\t<\/div>\n\t\t\t\t<\/div>\n\t\t<div class=\"elementor-element elementor-element-ed1ea77 e-flex e-con-boxed e-con e-parent\" data-id=\"ed1ea77\" data-element_type=\"container\">\n\t\t\t\t\t<div class=\"e-con-inner\">\n\t\t\t\t<div class=\"elementor-element elementor-element-d06ab83 elementor-widget elementor-widget-spacer\" data-id=\"d06ab83\" data-element_type=\"widget\" data-widget_type=\"spacer.default\">\n\t\t\t\t<div class=\"elementor-widget-container\">\n\t\t\t\t\t\t\t<div class=\"elementor-spacer\">\n\t\t\t<div class=\"elementor-spacer-inner\"><\/div>\n\t\t<\/div>\n\t\t\t\t\t\t<\/div>\n\t\t\t\t<\/div>\n\t\t\t\t\t<\/div>\n\t\t\t\t<\/div>\n\t\t<div class=\"elementor-element elementor-element-a73d829 e-con-full e-flex e-con e-parent\" data-id=\"a73d829\" data-element_type=\"container\">\n\t\t<div class=\"elementor-element elementor-element-4d2cdfb e-con-full e-flex e-con e-child\" data-id=\"4d2cdfb\" data-element_type=\"container\">\n\t\t\t\t<div class=\"elementor-element elementor-element-771f1cd elementor-widget elementor-widget-text-editor\" data-id=\"771f1cd\" data-element_type=\"widget\" data-widget_type=\"text-editor.default\">\n\t\t\t\t<div class=\"elementor-widget-container\">\n\t\t\t\t\t\t\t\t\t<p>\u00a0<\/p><p><b>Laura-Carin J\u00e4kk\u00f6<\/b><\/p><p><span style=\"font-family: Inter, sans-serif;\">Kognitiivinen lyhytterapeutti, Integrum Institute for cognitive therapies Finland\u00ae (valmistuminen 11\/25)<\/span><\/p><p><span style=\"font-family: Inter, sans-serif;\">NLP-Practitioner<\/span><\/p><p><span style=\"font-family: Inter, sans-serif;\">Sosionomi (AMK)<\/span><\/p>\t\t\t\t\t\t\t\t<\/div>\n\t\t\t\t<\/div>\n\t\t\t\t<\/div>\n\t\t<div class=\"elementor-element elementor-element-31daa91 e-con-full e-flex e-con e-child\" data-id=\"31daa91\" data-element_type=\"container\">\n\t\t\t\t<div class=\"elementor-element elementor-element-f4ba6b8 elementor-widget elementor-widget-spacer\" data-id=\"f4ba6b8\" data-element_type=\"widget\" data-widget_type=\"spacer.default\">\n\t\t\t\t<div class=\"elementor-widget-container\">\n\t\t\t\t\t\t\t<div class=\"elementor-spacer\">\n\t\t\t<div class=\"elementor-spacer-inner\"><\/div>\n\t\t<\/div>\n\t\t\t\t\t\t<\/div>\n\t\t\t\t<\/div>\n\t\t\t\t<\/div>\n\t\t<div class=\"elementor-element elementor-element-b3c2ff9 e-con-full e-flex e-con e-child\" data-id=\"b3c2ff9\" data-element_type=\"container\">\n\t\t\t\t<div class=\"elementor-element elementor-element-0d8a46c elementor-widget elementor-widget-image\" data-id=\"0d8a46c\" data-element_type=\"widget\" data-widget_type=\"image.default\">\n\t\t\t\t<div class=\"elementor-widget-container\">\n\t\t\t\t\t\t\t\t\t\t\t\t\t\t\t<img loading=\"lazy\" decoding=\"async\" width=\"1024\" height=\"740\" src=\"https:\/\/elamankruunu.fi\/wp-content\/uploads\/2024\/06\/20240614_1340463-scaled-e1718362743950-1024x740.jpg\" class=\"attachment-large size-large wp-image-495\" alt=\"\" srcset=\"https:\/\/elamankruunu.fi\/wp-content\/uploads\/2024\/06\/20240614_1340463-scaled-e1718362743950-1024x740.jpg 1024w, https:\/\/elamankruunu.fi\/wp-content\/uploads\/2024\/06\/20240614_1340463-scaled-e1718362743950-300x217.jpg 300w, https:\/\/elamankruunu.fi\/wp-content\/uploads\/2024\/06\/20240614_1340463-scaled-e1718362743950-768x555.jpg 768w, https:\/\/elamankruunu.fi\/wp-content\/uploads\/2024\/06\/20240614_1340463-scaled-e1718362743950-1536x1109.jpg 1536w, https:\/\/elamankruunu.fi\/wp-content\/uploads\/2024\/06\/20240614_1340463-scaled-e1718362743950-2048x1479.jpg 2048w\" sizes=\"(max-width: 1024px) 100vw, 1024px\" \/>\t\t\t\t\t\t\t\t\t\t\t\t\t\t\t<\/div>\n\t\t\t\t<\/div>\n\t\t\t\t<\/div>\n\t\t\t\t<\/div>\n\t\t<div class=\"elementor-element elementor-element-f0aff97 e-flex e-con-boxed e-con e-parent\" data-id=\"f0aff97\" data-element_type=\"container\">\n\t\t\t\t\t<div class=\"e-con-inner\">\n\t\t\t\t<div class=\"elementor-element elementor-element-9d153dc elementor-hidden-desktop elementor-hidden-tablet elementor-widget elementor-widget-text-editor\" data-id=\"9d153dc\" data-element_type=\"widget\" data-widget_type=\"text-editor.default\">\n\t\t\t\t<div class=\"elementor-widget-container\">\n\t\t\t\t\t\t\t\t\t<p><span style=\"font-weight: 400;\">Minulla on laaja erityisosaaminen ja kokemus neuropsykiatrisista erityispiirteist\u00e4 (ADHD, ADD, autismikirjo, Tourette, PDA, aistis\u00e4\u00e4telyn vaikeudet, valikoiva puhumattomuus), autismista, vammaisuudesta, pitk\u00e4aikaissairauksista (mm. erilaiset autoimmuunisairaudet, ME\/CFS, neurologiset sairaudet) sek\u00e4 omaisen ett\u00e4 ty\u00f6ntekij\u00e4n roolissa.\u00a0<\/span><\/p>\t\t\t\t\t\t\t\t<\/div>\n\t\t\t\t<\/div>\n\t\t\t\t\t<\/div>\n\t\t\t\t<\/div>\n\t\t\t\t<\/div>\n\t\t","protected":false},"excerpt":{"rendered":"<p>Minulla on laaja erityisosaaminen ja kokemus neuropsykiatrisista erityispiirteist\u00e4 (ADHD, ADD, autismikirjo, Tourette, PDA, aistis\u00e4\u00e4telyn vaikeudet, valikoiva puhumattomuus), autismista, vammaisuudesta, pitk\u00e4aikaissairauksista [&hellip;]<\/p>\n","protected":false},"author":1,"featured_media":0,"parent":0,"menu_order":0,"comment_status":"closed","ping_status":"closed","template":"","meta":{"om_disable_all_campaigns":false,"site-sidebar-layout":"default","site-content-layout":"","ast-site-content-layout":"","site-content-style":"default","site-sidebar-style":"default","ast-global-header-display":"","ast-banner-title-visibility":"","ast-main-header-display":"","ast-hfb-above-header-display":"","ast-hfb-below-header-display":"","ast-hfb-mobile-header-display":"","site-post-title":"disabled","ast-breadcrumbs-content":"","ast-featured-img":"","footer-sml-layout":"","theme-transparent-header-meta":"","adv-header-id-meta":"","stick-header-meta":"","header-above-stick-meta":"","header-main-stick-meta":"","header-below-stick-meta":"","astra-migrate-meta-layouts":"default","ast-page-background-enabled":"default","ast-page-background-meta":{"desktop":{"background-color":"var(--ast-global-color-4)","background-image":"","background-repeat":"repeat","background-position":"center center","background-size":"auto","background-attachment":"scroll","background-type":"","background-media":"","overlay-type":"","overlay-color":"","overlay-gradient":""},"tablet":{"background-color":"","background-image":"","background-repeat":"repeat","background-position":"center center","background-size":"auto","background-attachment":"scroll","background-type":"","background-media":"","overlay-type":"","overlay-color":"","overlay-gradient":""},"mobile":{"background-color":"","background-image":"","background-repeat":"repeat","background-position":"center center","background-size":"auto","background-attachment":"scroll","background-type":"","background-media":"","overlay-type":"","overlay-color":"","overlay-gradient":""}},"ast-content-background-meta":{"desktop":{"background-color":"var(--ast-global-color-5)","background-image":"","background-repeat":"repeat","background-position":"center center","background-size":"auto","background-attachment":"scroll","background-type":"","background-media":"","overlay-type":"","overlay-color":"","overlay-gradient":""},"tablet":{"background-color":"var(--ast-global-color-5)","background-image":"","background-repeat":"repeat","background-position":"center center","background-size":"auto","background-attachment":"scroll","background-type":"","background-media":"","overlay-type":"","overlay-color":"","overlay-gradient":""},"mobile":{"background-color":"var(--ast-global-color-5)","background-image":"","background-repeat":"repeat","background-position":"center center","background-size":"auto","background-attachment":"scroll","background-type":"","background-media":"","overlay-type":"","overlay-color":"","overlay-gradient":""}},"footnotes":""},"class_list":["post-2","page","type-page","status-publish","hentry"],"aioseo_notices":[],"_links":{"self":[{"href":"https:\/\/elamankruunu.fi\/index.php\/wp-json\/wp\/v2\/pages\/2","targetHints":{"allow":["GET"]}}],"collection":[{"href":"https:\/\/elamankruunu.fi\/index.php\/wp-json\/wp\/v2\/pages"}],"about":[{"href":"https:\/\/elamankruunu.fi\/index.php\/wp-json\/wp\/v2\/types\/page"}],"author":[{"embeddable":true,"href":"https:\/\/elamankruunu.fi\/index.php\/wp-json\/wp\/v2\/users\/1"}],"replies":[{"embeddable":true,"href":"https:\/\/elamankruunu.fi\/index.php\/wp-json\/wp\/v2\/comments?post=2"}],"version-history":[{"count":180,"href":"https:\/\/elamankruunu.fi\/index.php\/wp-json\/wp\/v2\/pages\/2\/revisions"}],"predecessor-version":[{"id":1398,"href":"https:\/\/elamankruunu.fi\/index.php\/wp-json\/wp\/v2\/pages\/2\/revisions\/1398"}],"wp:attachment":[{"href":"https:\/\/elamankruunu.fi\/index.php\/wp-json\/wp\/v2\/media?parent=2"}],"curies":[{"name":"wp","href":"https:\/\/api.w.org\/{rel}","templated":true}]}}