{"id":1183,"date":"2025-10-07T16:47:49","date_gmt":"2025-10-07T13:47:49","guid":{"rendered":"https:\/\/elamankruunu.fi\/?page_id=1183"},"modified":"2025-10-22T19:20:39","modified_gmt":"2025-10-22T16:20:39","slug":"refleksologinen-vyohyketerapia","status":"publish","type":"page","link":"https:\/\/elamankruunu.fi\/index.php\/refleksologinen-vyohyketerapia\/","title":{"rendered":"Refleksologinen vy\u00f6hyketerapia &#8211; Pori"},"content":{"rendered":"\t\t<div data-elementor-type=\"wp-page\" data-elementor-id=\"1183\" class=\"elementor elementor-1183\">\n\t\t\t\t<div class=\"elementor-element elementor-element-cfd9dfd e-flex e-con-boxed e-con e-parent\" data-id=\"cfd9dfd\" data-element_type=\"container\">\n\t\t\t\t\t<div class=\"e-con-inner\">\n\t\t\t\t<div class=\"elementor-element elementor-element-7793757 elementor-hidden-desktop elementor-hidden-tablet elementor-widget elementor-widget-image\" data-id=\"7793757\" data-element_type=\"widget\" data-widget_type=\"image.default\">\n\t\t\t\t<div class=\"elementor-widget-container\">\n\t\t\t\t\t\t\t\t\t\t\t\t\t\t\t\t<a href=\"https:\/\/elamankruunu.fi\/\">\n\t\t\t\t\t\t\t<img fetchpriority=\"high\" decoding=\"async\" width=\"2000\" height=\"857\" src=\"https:\/\/elamankruunu.fi\/wp-content\/uploads\/2025\/04\/Oveen1-e1744191492709.png\" class=\"attachment-full size-full wp-image-1093\" alt=\"\" srcset=\"https:\/\/elamankruunu.fi\/wp-content\/uploads\/2025\/04\/Oveen1-e1744191492709.png 2000w, https:\/\/elamankruunu.fi\/wp-content\/uploads\/2025\/04\/Oveen1-e1744191492709-300x129.png 300w, https:\/\/elamankruunu.fi\/wp-content\/uploads\/2025\/04\/Oveen1-e1744191492709-1024x439.png 1024w, https:\/\/elamankruunu.fi\/wp-content\/uploads\/2025\/04\/Oveen1-e1744191492709-768x329.png 768w, https:\/\/elamankruunu.fi\/wp-content\/uploads\/2025\/04\/Oveen1-e1744191492709-1536x658.png 1536w\" sizes=\"(max-width: 2000px) 100vw, 2000px\" \/>\t\t\t\t\t\t\t\t<\/a>\n\t\t\t\t\t\t\t\t\t\t\t\t\t\t\t<\/div>\n\t\t\t\t<\/div>\n\t\t\t\t\t<\/div>\n\t\t\t\t<\/div>\n\t\t<div class=\"elementor-element elementor-element-5ff3b4c e-flex e-con-boxed e-con e-parent\" data-id=\"5ff3b4c\" data-element_type=\"container\">\n\t\t\t\t\t<div class=\"e-con-inner\">\n\t\t\t\t<div class=\"elementor-element elementor-element-a2f545d elementor-hidden-mobile elementor-widget elementor-widget-image\" data-id=\"a2f545d\" data-element_type=\"widget\" data-widget_type=\"image.default\">\n\t\t\t\t<div class=\"elementor-widget-container\">\n\t\t\t\t\t\t\t\t\t\t\t\t\t\t\t\t<a href=\"https:\/\/elamankruunu.fi\/\">\n\t\t\t\t\t\t\t<img decoding=\"async\" width=\"7937\" height=\"945\" src=\"https:\/\/elamankruunu.fi\/wp-content\/uploads\/2025\/03\/Nimeton-2100-x-250-mm1.png\" class=\"attachment-full size-full wp-image-793\" alt=\"\" srcset=\"https:\/\/elamankruunu.fi\/wp-content\/uploads\/2025\/03\/Nimeton-2100-x-250-mm1.png 7937w, https:\/\/elamankruunu.fi\/wp-content\/uploads\/2025\/03\/Nimeton-2100-x-250-mm1-300x36.png 300w, https:\/\/elamankruunu.fi\/wp-content\/uploads\/2025\/03\/Nimeton-2100-x-250-mm1-1024x122.png 1024w, https:\/\/elamankruunu.fi\/wp-content\/uploads\/2025\/03\/Nimeton-2100-x-250-mm1-768x91.png 768w, https:\/\/elamankruunu.fi\/wp-content\/uploads\/2025\/03\/Nimeton-2100-x-250-mm1-1536x183.png 1536w, https:\/\/elamankruunu.fi\/wp-content\/uploads\/2025\/03\/Nimeton-2100-x-250-mm1-2048x244.png 2048w\" sizes=\"(max-width: 7937px) 100vw, 7937px\" \/>\t\t\t\t\t\t\t\t<\/a>\n\t\t\t\t\t\t\t\t\t\t\t\t\t\t\t<\/div>\n\t\t\t\t<\/div>\n\t\t\t\t\t<\/div>\n\t\t\t\t<\/div>\n\t\t<div class=\"elementor-element elementor-element-f828d9c e-flex e-con-boxed e-con e-parent\" data-id=\"f828d9c\" data-element_type=\"container\">\n\t\t\t\t\t<div class=\"e-con-inner\">\n\t\t\t\t<div class=\"elementor-element elementor-element-728701a elementor-hidden-mobile elementor-widget elementor-widget-spacer\" data-id=\"728701a\" data-element_type=\"widget\" data-widget_type=\"spacer.default\">\n\t\t\t\t<div class=\"elementor-widget-container\">\n\t\t\t\t\t\t\t<div class=\"elementor-spacer\">\n\t\t\t<div class=\"elementor-spacer-inner\"><\/div>\n\t\t<\/div>\n\t\t\t\t\t\t<\/div>\n\t\t\t\t<\/div>\n\t\t\t\t\t<\/div>\n\t\t\t\t<\/div>\n\t\t<div class=\"elementor-element elementor-element-682fd26 e-flex e-con-boxed e-con e-parent\" data-id=\"682fd26\" data-element_type=\"container\">\n\t\t\t\t\t<div class=\"e-con-inner\">\n\t\t<div class=\"elementor-element elementor-element-771dfb1 e-con-full e-flex e-con e-child\" data-id=\"771dfb1\" data-element_type=\"container\">\n\t\t\t\t<div class=\"elementor-element elementor-element-23ef2a2 elementor-widget elementor-widget-image\" data-id=\"23ef2a2\" data-element_type=\"widget\" data-widget_type=\"image.default\">\n\t\t\t\t<div class=\"elementor-widget-container\">\n\t\t\t\t\t\t\t\t\t\t\t\t\t\t\t<img decoding=\"async\" width=\"576\" height=\"1024\" src=\"https:\/\/elamankruunu.fi\/wp-content\/uploads\/2025\/10\/Refleksologinen-vyohyketerapia-576x1024.jpg\" class=\"attachment-large size-large wp-image-1185\" alt=\"\" srcset=\"https:\/\/elamankruunu.fi\/wp-content\/uploads\/2025\/10\/Refleksologinen-vyohyketerapia-576x1024.jpg 576w, https:\/\/elamankruunu.fi\/wp-content\/uploads\/2025\/10\/Refleksologinen-vyohyketerapia-169x300.jpg 169w, https:\/\/elamankruunu.fi\/wp-content\/uploads\/2025\/10\/Refleksologinen-vyohyketerapia-768x1365.jpg 768w, https:\/\/elamankruunu.fi\/wp-content\/uploads\/2025\/10\/Refleksologinen-vyohyketerapia-864x1536.jpg 864w, https:\/\/elamankruunu.fi\/wp-content\/uploads\/2025\/10\/Refleksologinen-vyohyketerapia.jpg 1080w\" sizes=\"(max-width: 576px) 100vw, 576px\" \/>\t\t\t\t\t\t\t\t\t\t\t\t\t\t\t<\/div>\n\t\t\t\t<\/div>\n\t\t\t\t<\/div>\n\t\t<div class=\"elementor-element elementor-element-57bcc69 e-con-full e-flex e-con e-child\" data-id=\"57bcc69\" data-element_type=\"container\">\n\t\t\t\t<\/div>\n\t\t<div class=\"elementor-element elementor-element-dfc887f e-con-full e-flex e-con e-child\" data-id=\"dfc887f\" data-element_type=\"container\">\n\t\t\t\t<div class=\"elementor-element elementor-element-a799391 elementor-widget elementor-widget-text-editor\" data-id=\"a799391\" data-element_type=\"widget\" data-widget_type=\"text-editor.default\">\n\t\t\t\t<div class=\"elementor-widget-container\">\n\t\t\t\t\t\t\t\t\t<div class=\"elementor-element elementor-element-b692f32 elementor-widget elementor-widget-heading\" data-id=\"b692f32\" data-element_type=\"widget\" data-widget_type=\"heading.default\"><div class=\"elementor-widget-container\"><h3>REFLEKSOLOGINEN VY\u00d6HYKETERAPIA\u00a0<\/h3><h4><i>Tasapainoinen mieli ja terve keho<\/i><\/h4><p><span style=\"font-weight: 400;\">Olen pian 17 vuotta t\u00e4ytt\u00e4v\u00e4 opiskelija p\u00e4\u00e4aineenani perustason ensihoito. Lis\u00e4ksi opiskelen MedikaNOVASSA refleksologiaa eli koko kehon vy\u00f6hyketerapiaa. Minulle on t\u00e4rke\u00e4\u00e4 ymm\u00e4rt\u00e4\u00e4 ja hoitaa ihmisen terveytt\u00e4 kokonaisvaltaisesti.\u00a0<\/span><\/p><p><span style=\"font-weight: 400;\">Vy\u00f6hykkeit\u00e4 k\u00e4sittelem\u00e4ll\u00e4 voidaan palauttaa kehon parantavat voimat ja tasapainottaa muun muassa sis\u00e4elinten, suoliston ja aivojen terveytt\u00e4. Useimmat kokevat hoidon rentouttavana, vaikka heijastepisteiss\u00e4 saattaa k\u00e4sittelyn aikana tuntua arkuutta. Monet kuvaavat kehon kipujen ja j\u00e4nnitysten v\u00e4hentyv\u00e4n sek\u00e4 vireystilan ja mielialan tasaantuvan hoitojakson aikana.\u00a0<\/span><\/p><p><span style=\"font-weight: 400;\">Hoito tapahtuu k\u00e4sittelem\u00e4ll\u00e4 sormin ja puikoilla vy\u00f6hykkeit\u00e4 ja heijasteita. Vy\u00f6hyketerapeuttisen hoidon avulla voidaan poistaa ja avata kehon tukoksia ja j\u00e4nnityksi\u00e4, jotka voivat olla erilaisten sairauksien ja toimintah\u00e4iri\u00f6iden syyn\u00e4.\u00a0<\/span><\/p><p><span style=\"font-weight: 400;\">Tarjoan refleksologista vy\u00f6hyketerapiaa edulliseen hintaan. T\u00e4ll\u00e4 hetkell\u00e4 otan uusia asiakkaita ainoastaan korvien k\u00e4sittelyyn. Hoidossa k\u00e4sittelen huolellisesti korvien heijasteet. Korvien k\u00e4sittely on rentouttava ja tehokas hoitomuoto. Hoito kest\u00e4\u00e4 30 minuuttia ja maksaa 20 \u20ac.\u00a0<\/span><\/p><p><span style=\"font-weight: 400;\">Tervetuloa rentoutumaan ja elvytt\u00e4m\u00e4\u00e4n kehon omia voimavaroja.<\/span><\/p><p><i><span style=\"font-weight: 400;\">N\u00e4hd\u00e4\u00e4n hoidossa!\u00a0<\/span><\/i><\/p><p><span style=\"font-weight: 400;\">Varaa hoito s\u00e4hk\u00f6postitse <\/span><a href=\"mailto:elamankruunu@gmail.com\"><span style=\"font-weight: 400;\">elamankruunu@gmail.com<\/span><\/a><span style=\"font-weight: 400;\"> tai soittamalla numeroon 040 5333 192.<\/span><\/p><\/div><\/div>\t\t\t\t\t\t\t\t<\/div>\n\t\t\t\t<\/div>\n\t\t\t\t<\/div>\n\t\t\t\t\t<\/div>\n\t\t\t\t<\/div>\n\t\t\t\t<\/div>\n\t\t","protected":false},"excerpt":{"rendered":"<p>REFLEKSOLOGINEN VY\u00d6HYKETERAPIA\u00a0 Tasapainoinen mieli ja terve keho Olen pian 17 vuotta t\u00e4ytt\u00e4v\u00e4 opiskelija p\u00e4\u00e4aineenani perustason ensihoito. Lis\u00e4ksi opiskelen MedikaNOVASSA refleksologiaa [&hellip;]<\/p>\n","protected":false},"author":1,"featured_media":0,"parent":0,"menu_order":0,"comment_status":"closed","ping_status":"closed","template":"","meta":{"om_disable_all_campaigns":false,"site-sidebar-layout":"no-sidebar","site-content-layout":"","ast-site-content-layout":"full-width-container","site-content-style":"default","site-sidebar-style":"default","ast-global-header-display":"","ast-banner-title-visibility":"","ast-main-header-display":"","ast-hfb-above-header-display":"","ast-hfb-below-header-display":"","ast-hfb-mobile-header-display":"","site-post-title":"disabled","ast-breadcrumbs-content":"","ast-featured-img":"disabled","footer-sml-layout":"","theme-transparent-header-meta":"","adv-header-id-meta":"","stick-header-meta":"","header-above-stick-meta":"","header-main-stick-meta":"","header-below-stick-meta":"","astra-migrate-meta-layouts":"default","ast-page-background-enabled":"default","ast-page-background-meta":{"desktop":{"background-color":"var(--ast-global-color-4)","background-image":"","background-repeat":"repeat","background-position":"center center","background-size":"auto","background-attachment":"scroll","background-type":"","background-media":"","overlay-type":"","overlay-color":"","overlay-gradient":""},"tablet":{"background-color":"","background-image":"","background-repeat":"repeat","background-position":"center center","background-size":"auto","background-attachment":"scroll","background-type":"","background-media":"","overlay-type":"","overlay-color":"","overlay-gradient":""},"mobile":{"background-color":"","background-image":"","background-repeat":"repeat","background-position":"center center","background-size":"auto","background-attachment":"scroll","background-type":"","background-media":"","overlay-type":"","overlay-color":"","overlay-gradient":""}},"ast-content-background-meta":{"desktop":{"background-color":"var(--ast-global-color-5)","background-image":"","background-repeat":"repeat","background-position":"center center","background-size":"auto","background-attachment":"scroll","background-type":"","background-media":"","overlay-type":"","overlay-color":"","overlay-gradient":""},"tablet":{"background-color":"var(--ast-global-color-5)","background-image":"","background-repeat":"repeat","background-position":"center center","background-size":"auto","background-attachment":"scroll","background-type":"","background-media":"","overlay-type":"","overlay-color":"","overlay-gradient":""},"mobile":{"background-color":"var(--ast-global-color-5)","background-image":"","background-repeat":"repeat","background-position":"center center","background-size":"auto","background-attachment":"scroll","background-type":"","background-media":"","overlay-type":"","overlay-color":"","overlay-gradient":""}},"footnotes":""},"class_list":["post-1183","page","type-page","status-publish","hentry"],"aioseo_notices":[],"_links":{"self":[{"href":"https:\/\/elamankruunu.fi\/index.php\/wp-json\/wp\/v2\/pages\/1183","targetHints":{"allow":["GET"]}}],"collection":[{"href":"https:\/\/elamankruunu.fi\/index.php\/wp-json\/wp\/v2\/pages"}],"about":[{"href":"https:\/\/elamankruunu.fi\/index.php\/wp-json\/wp\/v2\/types\/page"}],"author":[{"embeddable":true,"href":"https:\/\/elamankruunu.fi\/index.php\/wp-json\/wp\/v2\/users\/1"}],"replies":[{"embeddable":true,"href":"https:\/\/elamankruunu.fi\/index.php\/wp-json\/wp\/v2\/comments?post=1183"}],"version-history":[{"count":29,"href":"https:\/\/elamankruunu.fi\/index.php\/wp-json\/wp\/v2\/pages\/1183\/revisions"}],"predecessor-version":[{"id":1381,"href":"https:\/\/elamankruunu.fi\/index.php\/wp-json\/wp\/v2\/pages\/1183\/revisions\/1381"}],"wp:attachment":[{"href":"https:\/\/elamankruunu.fi\/index.php\/wp-json\/wp\/v2\/media?parent=1183"}],"curies":[{"name":"wp","href":"https:\/\/api.w.org\/{rel}","templated":true}]}}